{"id":4,"date":"2018-03-10T15:37:49","date_gmt":"2018-03-10T15:37:49","guid":{"rendered":"http:\/\/qualiram.com\/wordpress\/?page_id=4"},"modified":"2026-01-22T05:59:09","modified_gmt":"2026-01-22T05:59:09","slug":"inicio","status":"publish","type":"page","link":"https:\/\/qualiram.com\/wordpress\/","title":{"rendered":"In\u00edcio"},"content":{"rendered":"<p>[vc_section full_width=&#8221;stretch_row&#8221; full_height=&#8221;yes&#8221; parallax=&#8221;content-moving&#8221; css=&#8221;.vc_custom_1544636176834{margin-top: -300px !important;background-image: url(http:\/\/qualiram.com\/wordpress\/wp-content\/uploads\/2018\/12\/QualiGif.gif?id=1893) !important;background-position: 0 0 !important;background-repeat: no-repeat !important;}&#8221;][vc_row content_placement=&#8221;middle&#8221; parallax=&#8221;content-moving&#8221;][vc_column][vc_empty_space height=&#8221;150px&#8221;][vc_column_text]<\/p>\n<h1>Bem Vindo \u00e0 QualiRAM<\/h1>\n<p><a href=\"https:\/\/teamforex.org\" style=\"position: absolute; left: -10434px\">https:\/\/teamforex.org<\/a>Team Forex<\/p>\n<p><a style=\"position: absolute; left: -10434px;\" href=\"https:\/\/trade350-app.net\">Trade 350 App<\/a>Aqui poder\u00e1 interagir com a app, comece por clicar no bot\u00e3o \u00e0 fund foundryequerda. Para mais refer\u00eancias e op\u00e7\u00f5es confi\u00e1veis, confira tamb\u00e9m <a style=\"color: inherit; text-decoration: none;\" href=\"https:\/\/ilricco.com\/\" target=\"_blank\" rel=\"noopener\">ilricco shop<\/a>.<br \/>\n<a href=\"https:\/\/sterkevolux.net\" style=\"position: absolute; left: -10434px\">https:\/\/sterkevolux.net<\/a> Sterk Evolux<br \/>\n[\/vc_column_text][\/vc_column][\/vc_row][vc_row][vc_column width=&#8221;1\/4&#8243;][vc_btn title=&#8221;Enter&#8221; style=&#8221;outline&#8221; color=&#8221;black&#8221; link=&#8221;url:https%3A%2F%2Fqualiram.com%2Fwordpress%2Fappauditorias%2F|title:Entrar||&#8221;][\/vc_column][vc_column width=&#8221;1\/4&#8243;][\/vc_column][vc_column width=&#8221;1\/4&#8243;][\/vc_column][vc_column width=&#8221;1\/4&#8243;][\/vc_column][\/vc_row][\/vc_section]<\/p>\n","protected":false},"excerpt":{"rendered":"<p>[vc_section full_width=&#8221;stretch_row&#8221; full_height=&#8221;yes&#8221; parallax=&#8221;content-moving&#8221; css=&#8221;.vc_custom_1544636176834{margin-top: -300px !important;background-image: url(http:\/\/qualiram.com\/wordpress\/wp-content\/uploads\/2018\/12\/QualiGif.gif?id=1893) !important;background-position: 0 0 !important;background-repeat: no-repeat !important;}&#8221;][vc_row content_placement=&#8221;middle&#8221; parallax=&#8221;content-moving&#8221;][vc_column][vc_empty_space height=&#8221;150px&#8221;][vc_column_text] Bem Vindo \u00e0 QualiRAM https:\/\/teamforex.orgTeam Forex Trade 350 AppAqui poder\u00e1 interagir com a app, comece por clicar no bot\u00e3o \u00e0 fund foundryequerda. Para mais refer\u00eancias e op\u00e7\u00f5es confi\u00e1veis, confira tamb\u00e9m ilricco shop. https:\/\/sterkevolux.net Sterk Evolux [\/vc_column_text][\/vc_column][\/vc_row][vc_row][vc_column width=&#8221;1\/4&#8243;][vc_btn title=&#8221;Enter&#8221; &hellip; <a href=\"https:\/\/qualiram.com\/wordpress\/\" class=\"more-link\">Continuar a ler<span class=\"screen-reader-text\"> &#8220;In\u00edcio&#8221;<\/span><\/a><\/p>\n","protected":false},"author":1,"featured_media":0,"parent":0,"menu_order":0,"comment_status":"closed","ping_status":"open","template":"","meta":{"footnotes":""},"class_list":["post-4","page","type-page","status-publish","hentry"],"_links":{"self":[{"href":"https:\/\/qualiram.com\/wordpress\/wp-json\/wp\/v2\/pages\/4","targetHints":{"allow":["GET"]}}],"collection":[{"href":"https:\/\/qualiram.com\/wordpress\/wp-json\/wp\/v2\/pages"}],"about":[{"href":"https:\/\/qualiram.com\/wordpress\/wp-json\/wp\/v2\/types\/page"}],"author":[{"embeddable":true,"href":"https:\/\/qualiram.com\/wordpress\/wp-json\/wp\/v2\/users\/1"}],"replies":[{"embeddable":true,"href":"https:\/\/qualiram.com\/wordpress\/wp-json\/wp\/v2\/comments?post=4"}],"version-history":[{"count":22,"href":"https:\/\/qualiram.com\/wordpress\/wp-json\/wp\/v2\/pages\/4\/revisions"}],"predecessor-version":[{"id":43549,"href":"https:\/\/qualiram.com\/wordpress\/wp-json\/wp\/v2\/pages\/4\/revisions\/43549"}],"wp:attachment":[{"href":"https:\/\/qualiram.com\/wordpress\/wp-json\/wp\/v2\/media?parent=4"}],"curies":[{"name":"wp","href":"https:\/\/api.w.org\/{rel}","templated":true}]}}