{"id":929,"date":"2019-01-09T11:26:23","date_gmt":"2019-01-09T11:26:23","guid":{"rendered":"https:\/\/qualiram.com\/?page_id=929"},"modified":"2019-11-06T10:18:58","modified_gmt":"2019-11-06T10:18:58","slug":"dae","status":"publish","type":"page","link":"https:\/\/qualiram.com\/en\/servicos\/dae\/","title":{"rendered":"DAE"},"content":{"rendered":"<div data-elementor-type=\"wp-post\" data-elementor-id=\"929\" class=\"elementor elementor-929 elementor-bc-flex-widget\">\n\t\t\t\t\t\t\t\t\t<section class=\"elementor-section elementor-top-section elementor-element elementor-element-34267ae elementor-section-boxed elementor-section-height-default elementor-section-height-default\" data-id=\"34267ae\" data-element_type=\"section\">\n\t\t\t\t\t\t<div class=\"elementor-container elementor-column-gap-default\">\n\t\t\t\t\t<div class=\"elementor-column elementor-col-50 elementor-top-column elementor-element elementor-element-fc50b0c\" data-id=\"fc50b0c\" data-element_type=\"column\">\n\t\t\t<div class=\"elementor-widget-wrap elementor-element-populated\">\n\t\t\t\t\t\t\t\t<div class=\"elementor-element elementor-element-b1ff6ed elementor-invisible elementor-widget elementor-widget-image\" data-id=\"b1ff6ed\" data-element_type=\"widget\" data-settings=\"{&quot;_animation&quot;:&quot;fadeInLeft&quot;}\" data-widget_type=\"image.default\">\n\t\t\t\t<div class=\"elementor-widget-container\">\n\t\t\t\t\t\t\t\t\t\t\t\t\t\t\t<img decoding=\"async\" loading=\"lazy\" width=\"550\" height=\"400\" src=\"https:\/\/qualiram.com\/wp-content\/uploads\/2019\/01\/Untitled-1-550x400.jpg\" class=\"elementor-animation-grow attachment-bizworx-medium-thumb size-bizworx-medium-thumb wp-image-721\" alt=\"\" \/>\t\t\t\t\t\t\t\t\t\t\t\t\t\t\t<\/div>\n\t\t\t\t<\/div>\n\t\t\t\t\t<\/div>\n\t\t<\/div>\n\t\t\t\t<div class=\"elementor-column elementor-col-50 elementor-top-column elementor-element elementor-element-be51232\" data-id=\"be51232\" data-element_type=\"column\">\n\t\t\t<div class=\"elementor-widget-wrap elementor-element-populated\">\n\t\t\t\t\t\t\t\t<div class=\"elementor-element elementor-element-7a2d03b elementor-widget elementor-widget-heading\" data-id=\"7a2d03b\" data-element_type=\"widget\" data-widget_type=\"heading.default\">\n\t\t\t\t<div class=\"elementor-widget-container\">\n\t\t\t<h2 class=\"elementor-heading-title elementor-size-default\">Automatic External Defibrillation program<\/h2>\t\t<\/div>\n\t\t\t\t<\/div>\n\t\t\t\t<div class=\"elementor-element elementor-element-97e34c7 elementor-widget-divider--view-line elementor-widget elementor-widget-divider\" data-id=\"97e34c7\" data-element_type=\"widget\" data-widget_type=\"divider.default\">\n\t\t\t\t<div class=\"elementor-widget-container\">\n\t\t\t\t\t<div class=\"elementor-divider\">\n\t\t\t<span class=\"elementor-divider-separator\">\n\t\t\t\t\t\t<\/span>\n\t\t<\/div>\n\t\t\t\t<\/div>\n\t\t\t\t<\/div>\n\t\t\t\t<div class=\"elementor-element elementor-element-80385f1 elementor-widget elementor-widget-text-editor\" data-id=\"80385f1\" data-element_type=\"widget\" data-widget_type=\"text-editor.default\">\n\t\t\t\t<div class=\"elementor-widget-container\">\n\t\t\t\t\t\t\t<p>An DAE is a portable electronic device that in situations of cardiorespiratory arrest analyzes the heart rhythm and, in the indicated cases, applies an electric shock in order to resume a normal cardiac cycle and thus avoid the death of the victim.<\/p>\t\t\t\t\t\t<\/div>\n\t\t\t\t<\/div>\n\t\t\t\t\t<\/div>\n\t\t<\/div>\n\t\t\t\t\t\t\t<\/div>\n\t\t<\/section>\n\t\t\t\t<section class=\"elementor-section elementor-top-section elementor-element elementor-element-6a3fe64 elementor-section-boxed elementor-section-height-default elementor-section-height-default\" data-id=\"6a3fe64\" data-element_type=\"section\">\n\t\t\t\t\t\t<div class=\"elementor-container elementor-column-gap-default\">\n\t\t\t\t\t<div class=\"elementor-column elementor-col-50 elementor-top-column elementor-element elementor-element-de575d8\" data-id=\"de575d8\" data-element_type=\"column\">\n\t\t\t<div class=\"elementor-widget-wrap elementor-element-populated\">\n\t\t\t\t\t\t\t\t<div class=\"elementor-element elementor-element-52afc11 elementor-widget elementor-widget-spacer\" data-id=\"52afc11\" data-element_type=\"widget\" data-widget_type=\"spacer.default\">\n\t\t\t\t<div class=\"elementor-widget-container\">\n\t\t\t\t\t<div class=\"elementor-spacer\">\n\t\t\t<div class=\"elementor-spacer-inner\"><\/div>\n\t\t<\/div>\n\t\t\t\t<\/div>\n\t\t\t\t<\/div>\n\t\t\t\t<div class=\"elementor-element elementor-element-9a420ca elementor-widget elementor-widget-heading\" data-id=\"9a420ca\" data-element_type=\"widget\" data-widget_type=\"heading.default\">\n\t\t\t\t<div class=\"elementor-widget-container\">\n\t\t\t<h5 class=\"elementor-heading-title elementor-size-default\">Programa DAE<\/h5>\t\t<\/div>\n\t\t\t\t<\/div>\n\t\t\t\t<div class=\"elementor-element elementor-element-a0a30ab elementor-widget elementor-widget-text-editor\" data-id=\"a0a30ab\" data-element_type=\"widget\" data-widget_type=\"text-editor.default\">\n\t\t\t\t<div class=\"elementor-widget-container\">\n\t\t\t\t\t\t\t<p>Um programa DAE consiste em disponibilizar, num determinado local, desfibrilhadores e pessoas (Operacionais DAE) capazes de assegurar manobras de SBV e desfibrilha\u00e7\u00e3o nos primeiros minutos ap\u00f3s a ocorr\u00eancia de uma paragem cardiorrespirat\u00f3ria.<\/p>\t\t\t\t\t\t<\/div>\n\t\t\t\t<\/div>\n\t\t\t\t\t<\/div>\n\t\t<\/div>\n\t\t\t\t<div class=\"elementor-column elementor-col-50 elementor-top-column elementor-element elementor-element-96b2e34\" data-id=\"96b2e34\" data-element_type=\"column\">\n\t\t\t<div class=\"elementor-widget-wrap elementor-element-populated\">\n\t\t\t\t\t\t\t\t<div class=\"elementor-element elementor-element-96a0b36 elementor-widget elementor-widget-spacer\" data-id=\"96a0b36\" data-element_type=\"widget\" data-widget_type=\"spacer.default\">\n\t\t\t\t<div class=\"elementor-widget-container\">\n\t\t\t\t\t<div class=\"elementor-spacer\">\n\t\t\t<div class=\"elementor-spacer-inner\"><\/div>\n\t\t<\/div>\n\t\t\t\t<\/div>\n\t\t\t\t<\/div>\n\t\t\t\t<div class=\"elementor-element elementor-element-db99354 elementor-widget elementor-widget-heading\" data-id=\"db99354\" data-element_type=\"widget\" data-widget_type=\"heading.default\">\n\t\t\t\t<div class=\"elementor-widget-container\">\n\t\t\t<h5 class=\"elementor-heading-title elementor-size-default\">Enquadramento legal<\/h5>\t\t<\/div>\n\t\t\t\t<\/div>\n\t\t\t\t<div class=\"elementor-element elementor-element-69cebb7 elementor-widget elementor-widget-text-editor\" data-id=\"69cebb7\" data-element_type=\"widget\" data-widget_type=\"text-editor.default\">\n\t\t\t\t<div class=\"elementor-widget-container\">\n\t\t\t\t\t\t\t<p>O <strong>The Decree-Law 188\/2009<\/strong> of August 12 that came to establish the rules to which is subject to the practice of DAE by lay staff in extra-hospital environment is complemented with the <strong>Decree-law 184\/2012<\/strong> which came to make mandatory the Installation of DAE equipment in certain public places of access.<\/p>\t\t\t\t\t\t<\/div>\n\t\t\t\t<\/div>\n\t\t\t\t\t<\/div>\n\t\t<\/div>\n\t\t\t\t\t\t\t<\/div>\n\t\t<\/section>\n\t\t\t\t<section class=\"elementor-section elementor-top-section elementor-element elementor-element-4f537bb elementor-section-boxed elementor-section-height-default elementor-section-height-default\" data-id=\"4f537bb\" data-element_type=\"section\">\n\t\t\t\t\t\t<div class=\"elementor-container elementor-column-gap-default\">\n\t\t\t\t\t<div class=\"elementor-column elementor-col-25 elementor-top-column elementor-element elementor-element-5fb38e9\" data-id=\"5fb38e9\" data-element_type=\"column\">\n\t\t\t<div class=\"elementor-widget-wrap\">\n\t\t\t\t\t\t\t\t\t<\/div>\n\t\t<\/div>\n\t\t\t\t<div class=\"elementor-column elementor-col-25 elementor-top-column elementor-element elementor-element-fdefa4b\" data-id=\"fdefa4b\" data-element_type=\"column\">\n\t\t\t<div class=\"elementor-widget-wrap\">\n\t\t\t\t\t\t\t\t\t<\/div>\n\t\t<\/div>\n\t\t\t\t<div class=\"elementor-column elementor-col-25 elementor-top-column elementor-element elementor-element-f9e002b\" data-id=\"f9e002b\" data-element_type=\"column\">\n\t\t\t<div class=\"elementor-widget-wrap\">\n\t\t\t\t\t\t\t\t\t<\/div>\n\t\t<\/div>\n\t\t\t\t<div class=\"elementor-column elementor-col-25 elementor-top-column elementor-element elementor-element-68e48cd\" data-id=\"68e48cd\" data-element_type=\"column\">\n\t\t\t<div class=\"elementor-widget-wrap elementor-element-populated\">\n\t\t\t\t\t\t\t\t<div class=\"elementor-element elementor-element-36d574d elementor-align-center elementor-mobile-align-right elementor-widget elementor-widget-button\" data-id=\"36d574d\" data-element_type=\"widget\" data-widget_type=\"button.default\">\n\t\t\t\t<div class=\"elementor-widget-container\">\n\t\t\t\t\t<div class=\"elementor-button-wrapper\">\n\t\t\t<a class=\"elementor-button elementor-button-link elementor-size-md\" href=\"https:\/\/qualiram.com\/en\/servicos\/sst\/\">\n\t\t\t\t\t\t<span class=\"elementor-button-content-wrapper\">\n\t\t\t\t\t\t<span class=\"elementor-button-icon elementor-align-icon-left\">\n\t\t\t\t\t\t\t\t\t<i class=\"fa fa-arrow-left\" aria-hidden=\"true\"><\/i>\n\t\t\t\t\t\t\t<\/span>\n\t\t\t\t\t\t<span class=\"elementor-button-text\">Back<\/span>\n\t\t<\/span>\n\t\t\t\t\t<\/a>\n\t\t<\/div>\n\t\t\t\t<\/div>\n\t\t\t\t<\/div>\n\t\t\t\t\t<\/div>\n\t\t<\/div>\n\t\t\t\t\t\t\t<\/div>\n\t\t<\/section>\n\t\t\t\t\t\t\t<\/div>","protected":false},"excerpt":{"rendered":"<p>DAE &#8211; Programa de Desfibrilha\u00e7\u00e3o Autom\u00e1tica Externa Um DAE trata-se de um dispositivo eletr\u00f3nico port\u00e1til que em situa\u00e7\u00f5es de paragem cardiorrespirat\u00f3ria analisa o ritmo card\u00edaco e, nos casos indicados, aplica um choque el\u00e9trico com o intuito de se retomar um ciclo card\u00edaco normal e evitar assim a morte da v\u00edtima. Programa DAE Um programa DAE<\/p>\n<div class=\"blog-grid-button\"><a class=\"excerpt-button classic-alt\" href=\"https:\/\/qualiram.com\/en\/servicos\/dae\/\">Read More <i class=\"fa fa-arrow-right\"><\/i><\/a><\/div>","protected":false},"author":1,"featured_media":0,"parent":595,"menu_order":0,"comment_status":"closed","ping_status":"closed","template":"","meta":{"_mi_skip_tracking":false,"_monsterinsights_sitenote_active":false,"_monsterinsights_sitenote_note":"","_monsterinsights_sitenote_category":0,"footnotes":""},"_links":{"self":[{"href":"https:\/\/qualiram.com\/en\/wp-json\/wp\/v2\/pages\/929"}],"collection":[{"href":"https:\/\/qualiram.com\/en\/wp-json\/wp\/v2\/pages"}],"about":[{"href":"https:\/\/qualiram.com\/en\/wp-json\/wp\/v2\/types\/page"}],"author":[{"embeddable":true,"href":"https:\/\/qualiram.com\/en\/wp-json\/wp\/v2\/users\/1"}],"replies":[{"embeddable":true,"href":"https:\/\/qualiram.com\/en\/wp-json\/wp\/v2\/comments?post=929"}],"version-history":[{"count":19,"href":"https:\/\/qualiram.com\/en\/wp-json\/wp\/v2\/pages\/929\/revisions"}],"predecessor-version":[{"id":2251,"href":"https:\/\/qualiram.com\/en\/wp-json\/wp\/v2\/pages\/929\/revisions\/2251"}],"up":[{"embeddable":true,"href":"https:\/\/qualiram.com\/en\/wp-json\/wp\/v2\/pages\/595"}],"wp:attachment":[{"href":"https:\/\/qualiram.com\/en\/wp-json\/wp\/v2\/media?parent=929"}],"curies":[{"name":"wp","href":"https:\/\/api.w.org\/{rel}","templated":true}]}}