{"id":2424,"date":"2020-03-16T18:16:21","date_gmt":"2020-03-16T18:16:21","guid":{"rendered":"https:\/\/qualiram.com\/?page_id=2424"},"modified":"2020-04-13T11:50:39","modified_gmt":"2020-04-13T11:50:39","slug":"informacoes","status":"publish","type":"page","link":"https:\/\/qualiram.com\/en\/covid-19\/informacoes\/","title":{"rendered":"COVID 19"},"content":{"rendered":"<div data-elementor-type=\"wp-page\" data-elementor-id=\"2424\" class=\"elementor elementor-2424\">\n\t\t\t\t\t\t\t\t\t<section class=\"elementor-section elementor-top-section elementor-element elementor-element-f168e7f elementor-section-boxed elementor-section-height-default elementor-section-height-default\" data-id=\"f168e7f\" data-element_type=\"section\">\n\t\t\t\t\t\t<div class=\"elementor-container elementor-column-gap-default\">\n\t\t\t\t\t<div class=\"elementor-column elementor-col-100 elementor-top-column elementor-element elementor-element-54cb163\" data-id=\"54cb163\" data-element_type=\"column\">\n\t\t\t<div class=\"elementor-widget-wrap elementor-element-populated\">\n\t\t\t\t\t\t\t\t<div class=\"elementor-element elementor-element-528c71e elementor-invisible elementor-widget elementor-widget-heading\" data-id=\"528c71e\" data-element_type=\"widget\" data-settings=\"{&quot;_animation&quot;:&quot;slideInDown&quot;}\" data-widget_type=\"heading.default\">\n\t\t\t\t<div class=\"elementor-widget-container\">\n\t\t\t<h2 class=\"elementor-heading-title elementor-size-default\">COVID-19 INFORMATION<\/h2>\t\t<\/div>\n\t\t\t\t<\/div>\n\t\t\t\t<div class=\"elementor-element elementor-element-a7881f4 elementor-widget-divider--view-line elementor-invisible elementor-widget elementor-widget-divider\" data-id=\"a7881f4\" data-element_type=\"widget\" data-settings=\"{&quot;_animation&quot;:&quot;slideInDown&quot;}\" data-widget_type=\"divider.default\">\n\t\t\t\t<div class=\"elementor-widget-container\">\n\t\t\t\t\t<div class=\"elementor-divider\">\n\t\t\t<span class=\"elementor-divider-separator\">\n\t\t\t\t\t\t<\/span>\n\t\t<\/div>\n\t\t\t\t<\/div>\n\t\t\t\t<\/div>\n\t\t\t\t<div class=\"elementor-element elementor-element-ca89d3f elementor-align-right elementor-invisible elementor-widget elementor-widget-button\" data-id=\"ca89d3f\" data-element_type=\"widget\" data-settings=\"{&quot;_animation&quot;:&quot;slideInDown&quot;}\" data-widget_type=\"button.default\">\n\t\t\t\t<div class=\"elementor-widget-container\">\n\t\t\t\t\t<div class=\"elementor-button-wrapper\">\n\t\t\t<a class=\"elementor-button elementor-button-link elementor-size-md\" href=\"https:\/\/qualiram.com\/wp-content\/uploads\/2020\/04\/2.jpg\">\n\t\t\t\t\t\t<span class=\"elementor-button-content-wrapper\">\n\t\t\t\t\t\t<span class=\"elementor-button-icon elementor-align-icon-right\">\n\t\t\t\t<i aria-hidden=\"true\" class=\"fas fa-download\"><\/i>\t\t\t<\/span>\n\t\t\t\t\t\t<span class=\"elementor-button-text\">Download QUALI INFO <\/span>\n\t\t<\/span>\n\t\t\t\t\t<\/a>\n\t\t<\/div>\n\t\t\t\t<\/div>\n\t\t\t\t<\/div>\n\t\t\t\t<div class=\"elementor-element elementor-element-630a7f2 elementor-align-right elementor-invisible elementor-widget elementor-widget-button\" data-id=\"630a7f2\" data-element_type=\"widget\" data-settings=\"{&quot;_animation&quot;:&quot;slideInDown&quot;}\" data-widget_type=\"button.default\">\n\t\t\t\t<div class=\"elementor-widget-container\">\n\t\t\t\t\t<div class=\"elementor-button-wrapper\">\n\t\t\t<a class=\"elementor-button elementor-button-link elementor-size-md\" href=\"https:\/\/qualiram.com\/wp-content\/uploads\/2020\/03\/Quali-INFO_Coronavirus.pdf\">\n\t\t\t\t\t\t<span class=\"elementor-button-content-wrapper\">\n\t\t\t\t\t\t<span class=\"elementor-button-icon elementor-align-icon-right\">\n\t\t\t\t<i aria-hidden=\"true\" class=\"fas fa-download\"><\/i>\t\t\t<\/span>\n\t\t\t\t\t\t<span class=\"elementor-button-text\">Download INFO 1<\/span>\n\t\t<\/span>\n\t\t\t\t\t<\/a>\n\t\t<\/div>\n\t\t\t\t<\/div>\n\t\t\t\t<\/div>\n\t\t\t\t<div class=\"elementor-element elementor-element-da5e067 elementor-align-right elementor-invisible elementor-widget elementor-widget-button\" data-id=\"da5e067\" data-element_type=\"widget\" data-settings=\"{&quot;_animation&quot;:&quot;slideInDown&quot;}\" data-widget_type=\"button.default\">\n\t\t\t\t<div class=\"elementor-widget-container\">\n\t\t\t\t\t<div class=\"elementor-button-wrapper\">\n\t\t\t<a class=\"elementor-button elementor-button-link elementor-size-md\" href=\"https:\/\/qualiram.com\/wp-content\/uploads\/2020\/03\/QualiInfoCoronavirus_A4.pdf\">\n\t\t\t\t\t\t<span class=\"elementor-button-content-wrapper\">\n\t\t\t\t\t\t<span class=\"elementor-button-icon elementor-align-icon-right\">\n\t\t\t\t<i aria-hidden=\"true\" class=\"fas fa-download\"><\/i>\t\t\t<\/span>\n\t\t\t\t\t\t<span class=\"elementor-button-text\">Download INFO 2<\/span>\n\t\t<\/span>\n\t\t\t\t\t<\/a>\n\t\t<\/div>\n\t\t\t\t<\/div>\n\t\t\t\t<\/div>\n\t\t\t\t<div class=\"elementor-element elementor-element-89ed868 elementor-widget elementor-widget-spacer\" data-id=\"89ed868\" data-element_type=\"widget\" data-widget_type=\"spacer.default\">\n\t\t\t\t<div class=\"elementor-widget-container\">\n\t\t\t\t\t<div class=\"elementor-spacer\">\n\t\t\t<div class=\"elementor-spacer-inner\"><\/div>\n\t\t<\/div>\n\t\t\t\t<\/div>\n\t\t\t\t<\/div>\n\t\t\t\t<div class=\"elementor-element elementor-element-3e17e44 elementor-widget elementor-widget-text-editor\" data-id=\"3e17e44\" data-element_type=\"widget\" data-widget_type=\"text-editor.default\">\n\t\t\t\t<div class=\"elementor-widget-container\">\n\t\t\t\t\t\t\t<p style=\"text-align: center;\"><strong>QualiRAM has prepared informative images that should be taken into account in this new reality affected by the  COVID-19 .<\/strong><\/p>\t\t\t\t\t\t<\/div>\n\t\t\t\t<\/div>\n\t\t\t\t\t<\/div>\n\t\t<\/div>\n\t\t\t\t\t\t\t<\/div>\n\t\t<\/section>\n\t\t\t\t<section class=\"elementor-section elementor-top-section elementor-element elementor-element-a2df317 elementor-section-boxed elementor-section-height-default elementor-section-height-default\" data-id=\"a2df317\" data-element_type=\"section\">\n\t\t\t\t\t\t<div class=\"elementor-container elementor-column-gap-default\">\n\t\t\t\t\t<div class=\"elementor-column elementor-col-50 elementor-top-column elementor-element elementor-element-f261d3d\" data-id=\"f261d3d\" data-element_type=\"column\">\n\t\t\t<div class=\"elementor-widget-wrap elementor-element-populated\">\n\t\t\t\t\t\t\t\t<div class=\"elementor-element elementor-element-ec51a2a elementor-widget elementor-widget-image\" data-id=\"ec51a2a\" data-element_type=\"widget\" data-widget_type=\"image.default\">\n\t\t\t\t<div class=\"elementor-widget-container\">\n\t\t\t\t\t\t\t\t\t\t\t\t\t\t\t<img decoding=\"async\" loading=\"lazy\" width=\"725\" height=\"1024\" src=\"https:\/\/qualiram.com\/wp-content\/uploads\/2020\/03\/QualiInfoCoronavirus_A4-01-725x1024.jpg\" class=\"attachment-large size-large wp-image-2434\" alt=\"\" srcset=\"https:\/\/qualiram.com\/wp-content\/uploads\/2020\/03\/QualiInfoCoronavirus_A4-01-725x1024.jpg 725w, https:\/\/qualiram.com\/wp-content\/uploads\/2020\/03\/QualiInfoCoronavirus_A4-01-212x300.jpg 212w, https:\/\/qualiram.com\/wp-content\/uploads\/2020\/03\/QualiInfoCoronavirus_A4-01-768x1085.jpg 768w, https:\/\/qualiram.com\/wp-content\/uploads\/2020\/03\/QualiInfoCoronavirus_A4-01-1087x1536.jpg 1087w, https:\/\/qualiram.com\/wp-content\/uploads\/2020\/03\/QualiInfoCoronavirus_A4-01-830x1173.jpg 830w, https:\/\/qualiram.com\/wp-content\/uploads\/2020\/03\/QualiInfoCoronavirus_A4-01-230x325.jpg 230w, https:\/\/qualiram.com\/wp-content\/uploads\/2020\/03\/QualiInfoCoronavirus_A4-01.jpg 1241w\" sizes=\"(max-width: 725px) 100vw, 725px\" \/>\t\t\t\t\t\t\t\t\t\t\t\t\t\t\t<\/div>\n\t\t\t\t<\/div>\n\t\t\t\t<div class=\"elementor-element elementor-element-087fe57 elementor-widget elementor-widget-image\" data-id=\"087fe57\" data-element_type=\"widget\" data-widget_type=\"image.default\">\n\t\t\t\t<div class=\"elementor-widget-container\">\n\t\t\t\t\t\t\t\t\t\t\t\t\t\t\t<img decoding=\"async\" loading=\"lazy\" width=\"724\" height=\"1024\" src=\"https:\/\/qualiram.com\/wp-content\/uploads\/2020\/04\/2-724x1024.jpg\" class=\"attachment-large size-large wp-image-2858\" alt=\"\" srcset=\"https:\/\/qualiram.com\/wp-content\/uploads\/2020\/04\/2-724x1024.jpg 724w, https:\/\/qualiram.com\/wp-content\/uploads\/2020\/04\/2-212x300.jpg 212w, https:\/\/qualiram.com\/wp-content\/uploads\/2020\/04\/2-768x1086.jpg 768w, https:\/\/qualiram.com\/wp-content\/uploads\/2020\/04\/2-830x1173.jpg 830w, https:\/\/qualiram.com\/wp-content\/uploads\/2020\/04\/2-230x325.jpg 230w, https:\/\/qualiram.com\/wp-content\/uploads\/2020\/04\/2.jpg 1061w\" sizes=\"(max-width: 724px) 100vw, 724px\" \/>\t\t\t\t\t\t\t\t\t\t\t\t\t\t\t<\/div>\n\t\t\t\t<\/div>\n\t\t\t\t\t<\/div>\n\t\t<\/div>\n\t\t\t\t<div class=\"elementor-column elementor-col-50 elementor-top-column elementor-element elementor-element-4cd1443\" data-id=\"4cd1443\" data-element_type=\"column\">\n\t\t\t<div class=\"elementor-widget-wrap elementor-element-populated\">\n\t\t\t\t\t\t\t\t<div class=\"elementor-element elementor-element-11c9353 elementor-widget elementor-widget-image\" data-id=\"11c9353\" data-element_type=\"widget\" data-widget_type=\"image.default\">\n\t\t\t\t<div class=\"elementor-widget-container\">\n\t\t\t\t\t\t\t\t\t\t\t\t\t\t\t<img decoding=\"async\" loading=\"lazy\" width=\"725\" height=\"1024\" src=\"https:\/\/qualiram.com\/wp-content\/uploads\/2020\/03\/Quali-INFO_Coronavirus-01-725x1024.jpg\" class=\"attachment-large size-large wp-image-2433\" alt=\"\" srcset=\"https:\/\/qualiram.com\/wp-content\/uploads\/2020\/03\/Quali-INFO_Coronavirus-01-725x1024.jpg 725w, https:\/\/qualiram.com\/wp-content\/uploads\/2020\/03\/Quali-INFO_Coronavirus-01-212x300.jpg 212w, https:\/\/qualiram.com\/wp-content\/uploads\/2020\/03\/Quali-INFO_Coronavirus-01-768x1085.jpg 768w, https:\/\/qualiram.com\/wp-content\/uploads\/2020\/03\/Quali-INFO_Coronavirus-01-1087x1536.jpg 1087w, https:\/\/qualiram.com\/wp-content\/uploads\/2020\/03\/Quali-INFO_Coronavirus-01-830x1173.jpg 830w, https:\/\/qualiram.com\/wp-content\/uploads\/2020\/03\/Quali-INFO_Coronavirus-01-230x325.jpg 230w, https:\/\/qualiram.com\/wp-content\/uploads\/2020\/03\/Quali-INFO_Coronavirus-01.jpg 1241w\" sizes=\"(max-width: 725px) 100vw, 725px\" \/>\t\t\t\t\t\t\t\t\t\t\t\t\t\t\t<\/div>\n\t\t\t\t<\/div>\n\t\t\t\t\t<\/div>\n\t\t<\/div>\n\t\t\t\t\t\t\t<\/div>\n\t\t<\/section>\n\t\t\t\t<section class=\"elementor-section elementor-top-section elementor-element elementor-element-265f241 elementor-section-boxed elementor-section-height-default elementor-section-height-default\" data-id=\"265f241\" data-element_type=\"section\">\n\t\t\t\t\t\t<div class=\"elementor-container elementor-column-gap-default\">\n\t\t\t\t\t<div class=\"elementor-column elementor-col-100 elementor-top-column elementor-element elementor-element-37a9296\" data-id=\"37a9296\" data-element_type=\"column\">\n\t\t\t<div class=\"elementor-widget-wrap elementor-element-populated\">\n\t\t\t\t\t\t\t\t<div class=\"elementor-element elementor-element-348c104 elementor-align-right elementor-invisible elementor-widget elementor-widget-button\" data-id=\"348c104\" data-element_type=\"widget\" data-settings=\"{&quot;_animation&quot;:&quot;slideInDown&quot;}\" data-widget_type=\"button.default\">\n\t\t\t\t<div class=\"elementor-widget-container\">\n\t\t\t\t\t<div class=\"elementor-button-wrapper\">\n\t\t\t<a class=\"elementor-button elementor-button-link elementor-size-md\" href=\"https:\/\/qualiram.com\/en\/covid-19\/\">\n\t\t\t\t\t\t<span class=\"elementor-button-content-wrapper\">\n\t\t\t\t\t\t<span class=\"elementor-button-icon elementor-align-icon-right\">\n\t\t\t\t<i aria-hidden=\"true\" class=\"fas fa-arrow-left\"><\/i>\t\t\t<\/span>\n\t\t\t\t\t\t<span class=\"elementor-button-text\">BACK<\/span>\n\t\t<\/span>\n\t\t\t\t\t<\/a>\n\t\t<\/div>\n\t\t\t\t<\/div>\n\t\t\t\t<\/div>\n\t\t\t\t\t<\/div>\n\t\t<\/div>\n\t\t\t\t\t\t\t<\/div>\n\t\t<\/section>\n\t\t\t\t\t\t\t<\/div>","protected":false},"excerpt":{"rendered":"<p>INFORMA\u00c7\u00d5ES COVID-19 Download QUALI INFO Download INFO 1 Download INFO 2 A QualiRAM elaborou imagens informativas que dever\u00e1 ter em conta nesta nova realidade afetada pelo novo corona v\u00edrus COVID-19 VOLTAR<\/p>","protected":false},"author":1,"featured_media":0,"parent":2404,"menu_order":0,"comment_status":"closed","ping_status":"closed","template":"","meta":{"_mi_skip_tracking":false,"_monsterinsights_sitenote_active":false,"_monsterinsights_sitenote_note":"","_monsterinsights_sitenote_category":0,"footnotes":""},"_links":{"self":[{"href":"https:\/\/qualiram.com\/en\/wp-json\/wp\/v2\/pages\/2424"}],"collection":[{"href":"https:\/\/qualiram.com\/en\/wp-json\/wp\/v2\/pages"}],"about":[{"href":"https:\/\/qualiram.com\/en\/wp-json\/wp\/v2\/types\/page"}],"author":[{"embeddable":true,"href":"https:\/\/qualiram.com\/en\/wp-json\/wp\/v2\/users\/1"}],"replies":[{"embeddable":true,"href":"https:\/\/qualiram.com\/en\/wp-json\/wp\/v2\/comments?post=2424"}],"version-history":[{"count":8,"href":"https:\/\/qualiram.com\/en\/wp-json\/wp\/v2\/pages\/2424\/revisions"}],"predecessor-version":[{"id":2862,"href":"https:\/\/qualiram.com\/en\/wp-json\/wp\/v2\/pages\/2424\/revisions\/2862"}],"up":[{"embeddable":true,"href":"https:\/\/qualiram.com\/en\/wp-json\/wp\/v2\/pages\/2404"}],"wp:attachment":[{"href":"https:\/\/qualiram.com\/en\/wp-json\/wp\/v2\/media?parent=2424"}],"curies":[{"name":"wp","href":"https:\/\/api.w.org\/{rel}","templated":true}]}}