{"id":1108,"date":"2019-01-14T13:20:25","date_gmt":"2019-01-14T13:20:25","guid":{"rendered":"https:\/\/qualiram.com\/?page_id=1108"},"modified":"2020-03-24T16:49:53","modified_gmt":"2020-03-24T16:49:53","slug":"placaambiente","status":"publish","type":"page","link":"https:\/\/qualiram.com\/en\/clientes\/placaambiente\/","title":{"rendered":"Good environmental practices"},"content":{"rendered":"<div data-elementor-type=\"wp-post\" data-elementor-id=\"1108\" class=\"elementor elementor-1108\">\n\t\t\t\t\t\t\t\t\t<section class=\"elementor-section elementor-top-section elementor-element elementor-element-d2ce0b4 elementor-section-boxed elementor-section-height-default elementor-section-height-default\" data-id=\"d2ce0b4\" data-element_type=\"section\">\n\t\t\t\t\t\t<div class=\"elementor-container elementor-column-gap-default\">\n\t\t\t\t\t<div class=\"elementor-column elementor-col-50 elementor-top-column elementor-element elementor-element-ea5d7a0\" data-id=\"ea5d7a0\" data-element_type=\"column\">\n\t\t\t<div class=\"elementor-widget-wrap elementor-element-populated\">\n\t\t\t\t\t\t\t\t<div class=\"elementor-element elementor-element-2d06d42 elementor-widget-divider--view-line elementor-widget elementor-widget-divider\" data-id=\"2d06d42\" data-element_type=\"widget\" data-widget_type=\"divider.default\">\n\t\t\t\t<div class=\"elementor-widget-container\">\n\t\t\t\t\t<div class=\"elementor-divider\">\n\t\t\t<span class=\"elementor-divider-separator\">\n\t\t\t\t\t\t<\/span>\n\t\t<\/div>\n\t\t\t\t<\/div>\n\t\t\t\t<\/div>\n\t\t\t\t<div class=\"elementor-element elementor-element-94d4dea elementor-widget elementor-widget-heading\" data-id=\"94d4dea\" data-element_type=\"widget\" data-widget_type=\"heading.default\">\n\t\t\t\t<div class=\"elementor-widget-container\">\n\t\t\t<h2 class=\"elementor-heading-title elementor-size-default\">Good environmental practices<\/h2>\t\t<\/div>\n\t\t\t\t<\/div>\n\t\t\t\t<div class=\"elementor-element elementor-element-6a0ab7a elementor-widget elementor-widget-text-editor\" data-id=\"6a0ab7a\" data-element_type=\"widget\" data-widget_type=\"text-editor.default\">\n\t\t\t\t<div class=\"elementor-widget-container\">\n\t\t\t\t\t\t\t<p>Our esteemed clients attribute merit plates - <b>Gold and Silver<\/b> \u2013 depending on the level of compliance with legal requirements and good practices in the environment sector.<\/p><p>In the following image gallery we present some of our customers who received the appropriate plates.<\/p>\t\t\t\t\t\t<\/div>\n\t\t\t\t<\/div>\n\t\t\t\t\t<\/div>\n\t\t<\/div>\n\t\t\t\t<div class=\"elementor-column elementor-col-50 elementor-top-column elementor-element elementor-element-76bb0ef\" data-id=\"76bb0ef\" data-element_type=\"column\">\n\t\t\t<div class=\"elementor-widget-wrap elementor-element-populated\">\n\t\t\t\t\t\t\t\t<div class=\"elementor-element elementor-element-c68a6b1 elementor-arrows-position-inside elementor-pagination-position-outside elementor-widget elementor-widget-image-carousel\" data-id=\"c68a6b1\" data-element_type=\"widget\" data-settings=\"{&quot;slides_to_show&quot;:&quot;1&quot;,&quot;navigation&quot;:&quot;both&quot;,&quot;autoplay&quot;:&quot;yes&quot;,&quot;pause_on_hover&quot;:&quot;yes&quot;,&quot;pause_on_interaction&quot;:&quot;yes&quot;,&quot;autoplay_speed&quot;:5000,&quot;infinite&quot;:&quot;yes&quot;,&quot;effect&quot;:&quot;slide&quot;,&quot;speed&quot;:500}\" data-widget_type=\"image-carousel.default\">\n\t\t\t\t<div class=\"elementor-widget-container\">\n\t\t\t\t\t<div class=\"elementor-image-carousel-wrapper swiper-container\" dir=\"ltr\">\n\t\t\t<div class=\"elementor-image-carousel swiper-wrapper\" aria-live=\"off\">\n\t\t\t\t\t\t\t\t<div class=\"swiper-slide\" role=\"group\" aria-roledescription=\"slide\" aria-label=\"1 of 2\"><figure class=\"swiper-slide-inner\"><img decoding=\"async\" class=\"swiper-slide-image\" src=\"https:\/\/qualiram.com\/wp-content\/uploads\/elementor\/thumbs\/ambiente-prata-on1eg6vom1bhs7km28ryolrhdz36hrkgzew29ri8kq.png\" alt=\"Placa de Prata para Controlo sw Boas Pr\u00e1ticas Ambientais\" \/><figcaption class=\"elementor-image-carousel-caption\">Silver Plate for  Good Environmental Practices Control<\/figcaption><\/figure><\/div><div class=\"swiper-slide\" role=\"group\" aria-roledescription=\"slide\" aria-label=\"2 of 2\"><figure class=\"swiper-slide-inner\"><img decoding=\"async\" class=\"swiper-slide-image\" src=\"https:\/\/qualiram.com\/wp-content\/uploads\/elementor\/thumbs\/ambiente-ouro-on1eh5npmwn3ps63f5t5quzjd8brekejg711102o6i.png\" alt=\"Placa de Ouro para Controlo sw Boas Pr\u00e1ticas Ambientais\" \/><figcaption class=\"elementor-image-carousel-caption\">Gold Plate for Good Environmental Practices Control<\/figcaption><\/figure><\/div>\t\t\t<\/div>\n\t\t\t\t\t\t\t\t\t\t\t\t<div class=\"elementor-swiper-button elementor-swiper-button-prev\" role=\"button\" tabindex=\"0\">\n\t\t\t\t\t\t<i aria-hidden=\"true\" class=\"eicon-chevron-left\"><\/i>\t\t\t\t\t<\/div>\n\t\t\t\t\t<div class=\"elementor-swiper-button elementor-swiper-button-next\" role=\"button\" tabindex=\"0\">\n\t\t\t\t\t\t<i aria-hidden=\"true\" class=\"eicon-chevron-right\"><\/i>\t\t\t\t\t<\/div>\n\t\t\t\t\n\t\t\t\t\t\t\t\t\t<div class=\"swiper-pagination\"><\/div>\n\t\t\t\t\t\t\t\t\t<\/div>\n\t\t\t\t<\/div>\n\t\t\t\t<\/div>\n\t\t\t\t\t<\/div>\n\t\t<\/div>\n\t\t\t\t\t\t\t<\/div>\n\t\t<\/section>\n\t\t\t\t<section class=\"elementor-section elementor-top-section elementor-element elementor-element-13fbd0d elementor-section-boxed elementor-section-height-default elementor-section-height-default\" data-id=\"13fbd0d\" data-element_type=\"section\">\n\t\t\t\t\t\t<div class=\"elementor-container elementor-column-gap-default\">\n\t\t\t\t\t<div class=\"elementor-column elementor-col-100 elementor-top-column elementor-element elementor-element-68348cb\" data-id=\"68348cb\" data-element_type=\"column\">\n\t\t\t<div class=\"elementor-widget-wrap elementor-element-populated\">\n\t\t\t\t\t\t\t\t<div class=\"elementor-element elementor-element-d447426 elementor-widget elementor-widget-spacer\" data-id=\"d447426\" data-element_type=\"widget\" data-widget_type=\"spacer.default\">\n\t\t\t\t<div class=\"elementor-widget-container\">\n\t\t\t\t\t<div class=\"elementor-spacer\">\n\t\t\t<div class=\"elementor-spacer-inner\"><\/div>\n\t\t<\/div>\n\t\t\t\t<\/div>\n\t\t\t\t<\/div>\n\t\t\t\t<div class=\"elementor-element elementor-element-32c092f elementor-widget elementor-widget-heading\" data-id=\"32c092f\" data-element_type=\"widget\" data-widget_type=\"heading.default\">\n\t\t\t\t<div class=\"elementor-widget-container\">\n\t\t\t<h4 class=\"elementor-heading-title elementor-size-default\">SILVER PLATES<\/h4>\t\t<\/div>\n\t\t\t\t<\/div>\n\t\t\t\t<div class=\"elementor-element elementor-element-9e38538 elementor-widget-divider--view-line elementor-widget elementor-widget-divider\" data-id=\"9e38538\" data-element_type=\"widget\" data-widget_type=\"divider.default\">\n\t\t\t\t<div class=\"elementor-widget-container\">\n\t\t\t\t\t<div class=\"elementor-divider\">\n\t\t\t<span class=\"elementor-divider-separator\">\n\t\t\t\t\t\t<\/span>\n\t\t<\/div>\n\t\t\t\t<\/div>\n\t\t\t\t<\/div>\n\t\t\t\t\t<\/div>\n\t\t<\/div>\n\t\t\t\t\t\t\t<\/div>\n\t\t<\/section>\n\t\t\t\t<section class=\"elementor-section elementor-top-section elementor-element elementor-element-5990d35 elementor-section-boxed elementor-section-height-default elementor-section-height-default\" data-id=\"5990d35\" data-element_type=\"section\">\n\t\t\t\t\t\t<div class=\"elementor-container elementor-column-gap-default\">\n\t\t\t\t\t<div class=\"elementor-column elementor-col-100 elementor-top-column elementor-element elementor-element-207d5b3\" data-id=\"207d5b3\" data-element_type=\"column\">\n\t\t\t<div class=\"elementor-widget-wrap elementor-element-populated\">\n\t\t\t\t\t\t\t\t<div class=\"elementor-element elementor-element-57a45e5 gallery-spacing-custom elementor-invisible elementor-widget elementor-widget-image-gallery\" data-id=\"57a45e5\" data-element_type=\"widget\" data-settings=\"{&quot;_animation&quot;:&quot;fadeInLeft&quot;}\" data-widget_type=\"image-gallery.default\">\n\t\t\t\t<div class=\"elementor-widget-container\">\n\t\t\t\t\t<div class=\"elementor-image-gallery\">\n\t\t\t<div id='gallery-1' class='gallery galleryid-1108 gallery-columns-1 gallery-size-medium_large'><figure class='gallery-item'>\n\t\t\t<div class='gallery-icon landscape'>\n\t\t\t\t<a data-elementor-open-lightbox=\"yes\" data-elementor-lightbox-slideshow=\"57a45e5\" data-elementor-lightbox-title=\"Placa HACCP Prata e Placa Ambiente Prata - Hotel The Lince (1)\" data-e-action-hash=\"#elementor-action%3Aaction%3Dlightbox%26settings%3DeyJpZCI6MTA2NiwidXJsIjoiaHR0cHM6XC9cL3F1YWxpcmFtLmNvbVwvd3AtY29udGVudFwvdXBsb2Fkc1wvMjAxOVwvMDFcL1BsYWNhLUhBQ0NQLVByYXRhLWUtUGxhY2EtQW1iaWVudGUtUHJhdGEtSG90ZWwtVGhlLUxpbmNlLTEtMS5qcGciLCJzbGlkZXNob3ciOiI1N2E0NWU1In0%3D\" href='https:\/\/qualiram.com\/wp-content\/uploads\/2019\/01\/Placa-HACCP-Prata-e-Placa-Ambiente-Prata-Hotel-The-Lince-1-1.jpg'><img width=\"768\" height=\"432\" src=\"https:\/\/qualiram.com\/wp-content\/uploads\/2019\/01\/Placa-HACCP-Prata-e-Placa-Ambiente-Prata-Hotel-The-Lince-1-1-768x432.jpg\" class=\"attachment-medium_large size-medium_large\" alt=\"\" decoding=\"async\" aria-describedby=\"gallery-1-1066\" loading=\"lazy\" srcset=\"https:\/\/qualiram.com\/wp-content\/uploads\/2019\/01\/Placa-HACCP-Prata-e-Placa-Ambiente-Prata-Hotel-The-Lince-1-1-768x432.jpg 768w, https:\/\/qualiram.com\/wp-content\/uploads\/2019\/01\/Placa-HACCP-Prata-e-Placa-Ambiente-Prata-Hotel-The-Lince-1-1-300x169.jpg 300w, https:\/\/qualiram.com\/wp-content\/uploads\/2019\/01\/Placa-HACCP-Prata-e-Placa-Ambiente-Prata-Hotel-The-Lince-1-1-1024x576.jpg 1024w, https:\/\/qualiram.com\/wp-content\/uploads\/2019\/01\/Placa-HACCP-Prata-e-Placa-Ambiente-Prata-Hotel-The-Lince-1-1-830x467.jpg 830w, https:\/\/qualiram.com\/wp-content\/uploads\/2019\/01\/Placa-HACCP-Prata-e-Placa-Ambiente-Prata-Hotel-The-Lince-1-1-230x129.jpg 230w, https:\/\/qualiram.com\/wp-content\/uploads\/2019\/01\/Placa-HACCP-Prata-e-Placa-Ambiente-Prata-Hotel-The-Lince-1-1.jpg 1366w\" sizes=\"(max-width: 768px) 100vw, 768px\" \/><\/a>\n\t\t\t<\/div>\n\t\t\t\t<figcaption class='wp-caption-text gallery-caption' id='gallery-1-1066'>\n\t\t\t\tHotel The Lince\n\t\t\t\t<\/figcaption><\/figure>\n\t\t<\/div>\n\t\t<\/div>\n\t\t\t\t<\/div>\n\t\t\t\t<\/div>\n\t\t\t\t<div class=\"elementor-element elementor-element-3a8dfae elementor-widget elementor-widget-spacer\" data-id=\"3a8dfae\" data-element_type=\"widget\" data-widget_type=\"spacer.default\">\n\t\t\t\t<div class=\"elementor-widget-container\">\n\t\t\t\t\t<div class=\"elementor-spacer\">\n\t\t\t<div class=\"elementor-spacer-inner\"><\/div>\n\t\t<\/div>\n\t\t\t\t<\/div>\n\t\t\t\t<\/div>\n\t\t\t\t\t<\/div>\n\t\t<\/div>\n\t\t\t\t\t\t\t<\/div>\n\t\t<\/section>\n\t\t\t\t<section class=\"elementor-section elementor-top-section elementor-element elementor-element-9a8c5f8 elementor-section-boxed elementor-section-height-default elementor-section-height-default\" data-id=\"9a8c5f8\" data-element_type=\"section\" data-settings=\"{&quot;background_background&quot;:&quot;classic&quot;}\">\n\t\t\t\t\t\t<div class=\"elementor-container elementor-column-gap-default\">\n\t\t\t\t\t<div class=\"elementor-column elementor-col-100 elementor-top-column elementor-element elementor-element-88e5ef8\" data-id=\"88e5ef8\" data-element_type=\"column\">\n\t\t\t<div class=\"elementor-widget-wrap elementor-element-populated\">\n\t\t\t\t\t\t\t\t<div class=\"elementor-element elementor-element-f53347c elementor-widget elementor-widget-spacer\" data-id=\"f53347c\" data-element_type=\"widget\" data-widget_type=\"spacer.default\">\n\t\t\t\t<div class=\"elementor-widget-container\">\n\t\t\t\t\t<div class=\"elementor-spacer\">\n\t\t\t<div class=\"elementor-spacer-inner\"><\/div>\n\t\t<\/div>\n\t\t\t\t<\/div>\n\t\t\t\t<\/div>\n\t\t\t\t<div class=\"elementor-element elementor-element-0668dcf elementor-invisible elementor-widget elementor-widget-heading\" data-id=\"0668dcf\" data-element_type=\"widget\" data-settings=\"{&quot;_animation&quot;:&quot;fadeInDown&quot;}\" data-widget_type=\"heading.default\">\n\t\t\t\t<div class=\"elementor-widget-container\">\n\t\t\t<h2 class=\"elementor-heading-title elementor-size-default\">Join our services!<\/h2>\t\t<\/div>\n\t\t\t\t<\/div>\n\t\t\t\t<div class=\"elementor-element elementor-element-9e9b68d elementor-align-center elementor-widget elementor-widget-button\" data-id=\"9e9b68d\" data-element_type=\"widget\" data-widget_type=\"button.default\">\n\t\t\t\t<div class=\"elementor-widget-container\">\n\t\t\t\t\t<div class=\"elementor-button-wrapper\">\n\t\t\t<a class=\"elementor-button elementor-button-link elementor-size-md\" href=\"https:\/\/qualiram.com\/en\/contactos\/\">\n\t\t\t\t\t\t<span class=\"elementor-button-content-wrapper\">\n\t\t\t\t\t\t<span class=\"elementor-button-text\">Contact us<\/span>\n\t\t<\/span>\n\t\t\t\t\t<\/a>\n\t\t<\/div>\n\t\t\t\t<\/div>\n\t\t\t\t<\/div>\n\t\t\t\t<div class=\"elementor-element elementor-element-6c3889e elementor-widget elementor-widget-spacer\" data-id=\"6c3889e\" data-element_type=\"widget\" data-widget_type=\"spacer.default\">\n\t\t\t\t<div class=\"elementor-widget-container\">\n\t\t\t\t\t<div class=\"elementor-spacer\">\n\t\t\t<div class=\"elementor-spacer-inner\"><\/div>\n\t\t<\/div>\n\t\t\t\t<\/div>\n\t\t\t\t<\/div>\n\t\t\t\t\t<\/div>\n\t\t<\/div>\n\t\t\t\t\t\t\t<\/div>\n\t\t<\/section>\n\t\t\t\t<section class=\"elementor-section elementor-top-section elementor-element elementor-element-e543f9f elementor-section-boxed elementor-section-height-default elementor-section-height-default\" data-id=\"e543f9f\" data-element_type=\"section\">\n\t\t\t\t\t\t<div class=\"elementor-container elementor-column-gap-default\">\n\t\t\t\t\t<div class=\"elementor-column elementor-col-25 elementor-top-column elementor-element elementor-element-a4e7dda\" data-id=\"a4e7dda\" data-element_type=\"column\">\n\t\t\t<div class=\"elementor-widget-wrap\">\n\t\t\t\t\t\t\t\t\t<\/div>\n\t\t<\/div>\n\t\t\t\t<div class=\"elementor-column elementor-col-25 elementor-top-column elementor-element elementor-element-edd8f75\" data-id=\"edd8f75\" data-element_type=\"column\">\n\t\t\t<div class=\"elementor-widget-wrap\">\n\t\t\t\t\t\t\t\t\t<\/div>\n\t\t<\/div>\n\t\t\t\t<div class=\"elementor-column elementor-col-25 elementor-top-column elementor-element elementor-element-fc36816\" data-id=\"fc36816\" data-element_type=\"column\">\n\t\t\t<div class=\"elementor-widget-wrap\">\n\t\t\t\t\t\t\t\t\t<\/div>\n\t\t<\/div>\n\t\t\t\t<div class=\"elementor-column elementor-col-25 elementor-top-column elementor-element elementor-element-46b82ca\" data-id=\"46b82ca\" data-element_type=\"column\">\n\t\t\t<div class=\"elementor-widget-wrap elementor-element-populated\">\n\t\t\t\t\t\t\t\t<div class=\"elementor-element elementor-element-c5034cf elementor-align-center elementor-mobile-align-right elementor-widget elementor-widget-button\" data-id=\"c5034cf\" data-element_type=\"widget\" data-widget_type=\"button.default\">\n\t\t\t\t<div class=\"elementor-widget-container\">\n\t\t\t\t\t<div class=\"elementor-button-wrapper\">\n\t\t\t<a class=\"elementor-button elementor-button-link elementor-size-md\" href=\"https:\/\/qualiram.com\/en\/clientes\/placas\/\">\n\t\t\t\t\t\t<span class=\"elementor-button-content-wrapper\">\n\t\t\t\t\t\t<span class=\"elementor-button-icon elementor-align-icon-left\">\n\t\t\t\t<i aria-hidden=\"true\" class=\"fas fa-arrow-left\"><\/i>\t\t\t<\/span>\n\t\t\t\t\t\t<span class=\"elementor-button-text\">Back<\/span>\n\t\t<\/span>\n\t\t\t\t\t<\/a>\n\t\t<\/div>\n\t\t\t\t<\/div>\n\t\t\t\t<\/div>\n\t\t\t\t\t<\/div>\n\t\t<\/div>\n\t\t\t\t\t\t\t<\/div>\n\t\t<\/section>\n\t\t\t\t\t\t\t<\/div>","protected":false},"excerpt":{"rendered":"<p>Boas Pr\u00e1ticas Ambientais Aos nossos estimados clientes atribu\u00edmos placas de m\u00e9rito &#8211; de Ouro e de Prata &#8211; consoante o n\u00edvel de\u00a0 cumprimento dos requisitos legais e boas pr\u00e1ticas no setor do Ambiente. Na seguinte Galeria de Imagens apresentamos alguns dos nossos clientes que receberam as devidas placas. Placa de Prata para Controlo sw Boas<\/p>\n<div class=\"blog-grid-button\"><a class=\"excerpt-button classic-alt\" href=\"https:\/\/qualiram.com\/en\/clientes\/placaambiente\/\">Read More <i class=\"fa fa-arrow-right\"><\/i><\/a><\/div>","protected":false},"author":1,"featured_media":0,"parent":594,"menu_order":0,"comment_status":"closed","ping_status":"closed","template":"","meta":{"_mi_skip_tracking":false,"_monsterinsights_sitenote_active":false,"_monsterinsights_sitenote_note":"","_monsterinsights_sitenote_category":0,"footnotes":""},"_links":{"self":[{"href":"https:\/\/qualiram.com\/en\/wp-json\/wp\/v2\/pages\/1108"}],"collection":[{"href":"https:\/\/qualiram.com\/en\/wp-json\/wp\/v2\/pages"}],"about":[{"href":"https:\/\/qualiram.com\/en\/wp-json\/wp\/v2\/types\/page"}],"author":[{"embeddable":true,"href":"https:\/\/qualiram.com\/en\/wp-json\/wp\/v2\/users\/1"}],"replies":[{"embeddable":true,"href":"https:\/\/qualiram.com\/en\/wp-json\/wp\/v2\/comments?post=1108"}],"version-history":[{"count":13,"href":"https:\/\/qualiram.com\/en\/wp-json\/wp\/v2\/pages\/1108\/revisions"}],"predecessor-version":[{"id":2855,"href":"https:\/\/qualiram.com\/en\/wp-json\/wp\/v2\/pages\/1108\/revisions\/2855"}],"up":[{"embeddable":true,"href":"https:\/\/qualiram.com\/en\/wp-json\/wp\/v2\/pages\/594"}],"wp:attachment":[{"href":"https:\/\/qualiram.com\/en\/wp-json\/wp\/v2\/media?parent=1108"}],"curies":[{"name":"wp","href":"https:\/\/api.w.org\/{rel}","templated":true}]}}